{"id":1910,"date":"2025-09-15T13:13:41","date_gmt":"2025-09-15T11:13:41","guid":{"rendered":"https:\/\/studiogude.dk\/?page_id=1910"},"modified":"2025-10-28T10:29:09","modified_gmt":"2025-10-28T09:29:09","slug":"skabt-til-hverdagen","status":"publish","type":"page","link":"https:\/\/studiogude.dk\/eng\/skabt-til-hverdagen\/","title":{"rendered":"CREATED FOR EVERYDAY LIVING"},"content":{"rendered":"<div data-elementor-type=\"wp-page\" data-elementor-id=\"1910\" class=\"elementor elementor-1910\" data-elementor-post-type=\"page\">\n\t\t\t\t<div class=\"elementor-element elementor-element-2c1008b e-flex e-con-boxed e-con e-parent\" data-id=\"2c1008b\" data-element_type=\"container\">\n\t\t\t\t\t<div class=\"e-con-inner\">\n\t\t\t\t<div class=\"elementor-element elementor-element-4daf1dad elementor-widget elementor-widget-spacer\" data-id=\"4daf1dad\" data-element_type=\"widget\" data-widget_type=\"spacer.default\">\n\t\t\t\t\t\t\t<div class=\"elementor-spacer\">\n\t\t\t<div class=\"elementor-spacer-inner\"><\/div>\n\t\t<\/div>\n\t\t\t\t\t\t<\/div>\n\t\t\t\t\t<\/div>\n\t\t\t\t<\/div>\n\t\t<div class=\"elementor-element elementor-element-6898a5f3 e-grid e-con-boxed e-con e-parent\" data-id=\"6898a5f3\" data-element_type=\"container\">\n\t\t\t\t\t<div class=\"e-con-inner\">\n\t\t\t\t<div class=\"elementor-element elementor-element-a8cbe10 elementor-widget elementor-widget-image\" data-id=\"a8cbe10\" data-element_type=\"widget\" data-widget_type=\"image.default\">\n\t\t\t\t\t\t\t\t\t\t\t\t\t\t\t<img fetchpriority=\"high\" decoding=\"async\" width=\"768\" height=\"884\" src=\"https:\/\/studiogude.dk\/wp-content\/uploads\/2025\/09\/09_Studio-Gude_Poliform_Copenhagen_Skabt-til-hverdagen-768x884.jpg\" class=\"attachment-medium_large size-medium_large wp-image-2334\" alt=\"\" srcset=\"https:\/\/studiogude.dk\/wp-content\/uploads\/2025\/09\/09_Studio-Gude_Poliform_Copenhagen_Skabt-til-hverdagen-768x884.jpg 768w, https:\/\/studiogude.dk\/wp-content\/uploads\/2025\/09\/09_Studio-Gude_Poliform_Copenhagen_Skabt-til-hverdagen-261x300.jpg 261w, https:\/\/studiogude.dk\/wp-content\/uploads\/2025\/09\/09_Studio-Gude_Poliform_Copenhagen_Skabt-til-hverdagen-889x1024.jpg 889w, https:\/\/studiogude.dk\/wp-content\/uploads\/2025\/09\/09_Studio-Gude_Poliform_Copenhagen_Skabt-til-hverdagen.jpg 938w\" sizes=\"(max-width: 768px) 100vw, 768px\" \/>\t\t\t\t\t\t\t\t\t\t\t\t\t\t\t<\/div>\n\t\t<div class=\"elementor-element elementor-element-53088888 e-con-full e-flex e-con e-child\" data-id=\"53088888\" data-element_type=\"container\">\n\t\t\t\t<div class=\"elementor-element elementor-element-6a30c226 elementor-widget elementor-widget-text-editor\" data-id=\"6a30c226\" data-element_type=\"widget\" data-widget_type=\"text-editor.default\">\n\t\t\t\t\t\t\t\t\t<p>ARTICLE 15.09.2025<\/p>\t\t\t\t\t\t\t\t<\/div>\n\t\t\t\t<div class=\"elementor-element elementor-element-55a3a12f elementor-widget elementor-widget-heading\" data-id=\"55a3a12f\" data-element_type=\"widget\" data-widget_type=\"heading.default\">\n\t\t\t\t\t<h2 class=\"elementor-heading-title elementor-size-default\">CREATED FOR EVERYDAY LIVING<\/h2>\t\t\t\t<\/div>\n\t\t<div class=\"elementor-element elementor-element-607f29ac e-con-full e-flex e-con e-child\" data-id=\"607f29ac\" data-element_type=\"container\">\n\t\t\t\t<div class=\"elementor-element elementor-element-705fafa5 elementor-widget elementor-widget-text-editor\" data-id=\"705fafa5\" data-element_type=\"widget\" data-widget_type=\"text-editor.default\">\n\t\t\t\t\t\t\t\t\t<p class=\"p1\">Experience the wardrobe as a personal sanctuary, where luxury and functionality go hand in hand. Poliform\u2019s solutions combine uncompromising aesthetics with intelligent design, created to meet the highest expectations of form, material and performance.<\/p><p class=\"p1\">Every detail is considered, every surface carefully selected. The result is not merely storage, it is an architectural extension of your home, timeless, elegant, and complete.<\/p>\t\t\t\t\t\t\t\t<\/div>\n\t\t\t\t<\/div>\n\t\t<div class=\"elementor-element elementor-element-675064ba e-con-full e-flex e-con e-child\" data-id=\"675064ba\" data-element_type=\"container\">\n\t\t<div class=\"elementor-element elementor-element-7c702aa9 e-grid e-con-full e-con e-child\" data-id=\"7c702aa9\" data-element_type=\"container\">\n\t\t\t\t<\/div>\n\t\t\t\t<\/div>\n\t\t<div class=\"elementor-element elementor-element-7aa13d19 e-con-full e-flex e-con e-child\" data-id=\"7aa13d19\" data-element_type=\"container\">\n\t\t<div class=\"elementor-element elementor-element-23389e02 e-con-full e-flex e-con e-child\" data-id=\"23389e02\" data-element_type=\"container\">\n\t\t<div class=\"elementor-element elementor-element-7199f847 e-con-full e-flex e-con e-child\" data-id=\"7199f847\" data-element_type=\"container\">\n\t\t\t\t<div class=\"elementor-element elementor-element-1e7583c6 elementor-widget elementor-widget-spacer\" data-id=\"1e7583c6\" data-element_type=\"widget\" data-widget_type=\"spacer.default\">\n\t\t\t\t\t\t\t<div class=\"elementor-spacer\">\n\t\t\t<div class=\"elementor-spacer-inner\"><\/div>\n\t\t<\/div>\n\t\t\t\t\t\t<\/div>\n\t\t\t\t<div class=\"elementor-element elementor-element-3c9b10d3 elementor-widget elementor-widget-text-editor\" data-id=\"3c9b10d3\" data-element_type=\"widget\" data-widget_type=\"text-editor.default\">\n\t\t\t\t\t\t\t\t\t<p><a class=\"read-more-link\" href=\"https:\/\/studiogude.dk\/eng\/aktuelt-oversigt\/\">SEE ALL ARTICLES<\/a><\/p>\t\t\t\t\t\t\t\t<\/div>\n\t\t\t\t<div class=\"elementor-element elementor-element-b183a4d elementor-widget elementor-widget-spacer\" data-id=\"b183a4d\" data-element_type=\"widget\" data-widget_type=\"spacer.default\">\n\t\t\t\t\t\t\t<div class=\"elementor-spacer\">\n\t\t\t<div class=\"elementor-spacer-inner\"><\/div>\n\t\t<\/div>\n\t\t\t\t\t\t<\/div>\n\t\t\t\t<div class=\"elementor-element elementor-element-1a51348 elementor-widget elementor-widget-text-editor\" data-id=\"1a51348\" data-element_type=\"widget\" data-widget_type=\"text-editor.default\">\n\t\t\t\t\t\t\t\t\t<p><strong>FOLLOW US\u00a0<\/strong><\/p><p><a href=\"https:\/\/www.instagram.com\/studio_gude\/\" target=\"_blank\" rel=\"noopener\">INSTAGRAM<\/a><br \/><a href=\"https:\/\/www.facebook.com\/profile.php?id=61552611795400\" target=\"_blank\" rel=\"noopener\">FACEBOOK<\/a><br \/><a href=\"https:\/\/dk.pinterest.com\/studiogude\/?invite_code=a9e786cd4425456dbe64037ce4cb97df&amp;sender=1141240499232129527\" target=\"_blank\" rel=\"noopener\">PINTEREST<\/a><\/p>\t\t\t\t\t\t\t\t<\/div>\n\t\t\t\t<\/div>\n\t\t\t\t<\/div>\n\t\t\t\t<\/div>\n\t\t\t\t<\/div>\n\t\t\t\t\t<\/div>\n\t\t\t\t<\/div>\n\t\t<div class=\"elementor-element elementor-element-31f8e0df e-grid e-con-boxed e-con e-parent\" data-id=\"31f8e0df\" data-element_type=\"container\">\n\t\t\t\t\t<div class=\"e-con-inner\">\n\t\t<div class=\"elementor-element elementor-element-617e2cdb e-con-full e-flex e-con e-child\" data-id=\"617e2cdb\" data-element_type=\"container\">\n\t\t\t\t<div class=\"elementor-element elementor-element-17a95b45 elementor-widget elementor-widget-spacer\" data-id=\"17a95b45\" data-element_type=\"widget\" data-widget_type=\"spacer.default\">\n\t\t\t\t\t\t\t<div class=\"elementor-spacer\">\n\t\t\t<div class=\"elementor-spacer-inner\"><\/div>\n\t\t<\/div>\n\t\t\t\t\t\t<\/div>\n\t\t\t\t<\/div>\n\t\t\t\t<div class=\"elementor-element elementor-element-5b3f293d elementor-widget elementor-widget-spacer\" data-id=\"5b3f293d\" data-element_type=\"widget\" data-widget_type=\"spacer.default\">\n\t\t\t\t\t\t\t<div class=\"elementor-spacer\">\n\t\t\t<div class=\"elementor-spacer-inner\"><\/div>\n\t\t<\/div>\n\t\t\t\t\t\t<\/div>\n\t\t\t\t<div class=\"elementor-element elementor-element-4eba09a9 elementor-widget elementor-widget-image\" data-id=\"4eba09a9\" data-element_type=\"widget\" data-widget_type=\"image.default\">\n\t\t\t\t\t\t\t\t\t\t\t\t\t\t\t<img decoding=\"async\" width=\"800\" height=\"921\" src=\"https:\/\/studiogude.dk\/wp-content\/uploads\/2025\/09\/08_Studio-Gude_Poliform_Copenhagen_Skabt-til-hverdagen-889x1024.jpg\" class=\"attachment-large size-large wp-image-2333\" alt=\"\" srcset=\"https:\/\/studiogude.dk\/wp-content\/uploads\/2025\/09\/08_Studio-Gude_Poliform_Copenhagen_Skabt-til-hverdagen-889x1024.jpg 889w, https:\/\/studiogude.dk\/wp-content\/uploads\/2025\/09\/08_Studio-Gude_Poliform_Copenhagen_Skabt-til-hverdagen-261x300.jpg 261w, https:\/\/studiogude.dk\/wp-content\/uploads\/2025\/09\/08_Studio-Gude_Poliform_Copenhagen_Skabt-til-hverdagen-768x884.jpg 768w, https:\/\/studiogude.dk\/wp-content\/uploads\/2025\/09\/08_Studio-Gude_Poliform_Copenhagen_Skabt-til-hverdagen.jpg 938w\" sizes=\"(max-width: 800px) 100vw, 800px\" \/>\t\t\t\t\t\t\t\t\t\t\t\t\t\t\t<\/div>\n\t\t\t\t\t<\/div>\n\t\t\t\t<\/div>\n\t\t<div class=\"elementor-element elementor-element-61922984 e-flex e-con-boxed e-con e-parent\" data-id=\"61922984\" data-element_type=\"container\">\n\t\t\t\t\t<div class=\"e-con-inner\">\n\t\t<div class=\"elementor-element elementor-element-7189523 e-con-full e-flex e-con e-child\" data-id=\"7189523\" data-element_type=\"container\">\n\t\t<div class=\"elementor-element elementor-element-769695b e-con-full e-flex e-con e-child\" data-id=\"769695b\" data-element_type=\"container\">\n\t\t\t\t<div class=\"elementor-element elementor-element-4b9b7f01 elementor-widget elementor-widget-spacer\" data-id=\"4b9b7f01\" data-element_type=\"widget\" data-widget_type=\"spacer.default\">\n\t\t\t\t\t\t\t<div class=\"elementor-spacer\">\n\t\t\t<div class=\"elementor-spacer-inner\"><\/div>\n\t\t<\/div>\n\t\t\t\t\t\t<\/div>\n\t\t\t\t<div class=\"elementor-element elementor-element-2c85fe0b elementor-widget elementor-widget-image\" data-id=\"2c85fe0b\" data-element_type=\"widget\" data-widget_type=\"image.default\">\n\t\t\t\t\t\t\t\t\t\t\t\t\t\t\t<img decoding=\"async\" width=\"800\" height=\"450\" src=\"https:\/\/studiogude.dk\/wp-content\/uploads\/2025\/09\/01_Studio-Gude_Poliform_Copenhagen_Skabt-til-hverdagen-1024x576.jpg\" class=\"attachment-large size-large wp-image-2326\" alt=\"\" srcset=\"https:\/\/studiogude.dk\/wp-content\/uploads\/2025\/09\/01_Studio-Gude_Poliform_Copenhagen_Skabt-til-hverdagen-1024x576.jpg 1024w, https:\/\/studiogude.dk\/wp-content\/uploads\/2025\/09\/01_Studio-Gude_Poliform_Copenhagen_Skabt-til-hverdagen-300x169.jpg 300w, https:\/\/studiogude.dk\/wp-content\/uploads\/2025\/09\/01_Studio-Gude_Poliform_Copenhagen_Skabt-til-hverdagen-768x432.jpg 768w, https:\/\/studiogude.dk\/wp-content\/uploads\/2025\/09\/01_Studio-Gude_Poliform_Copenhagen_Skabt-til-hverdagen-1536x864.jpg 1536w, https:\/\/studiogude.dk\/wp-content\/uploads\/2025\/09\/01_Studio-Gude_Poliform_Copenhagen_Skabt-til-hverdagen.jpg 1600w\" sizes=\"(max-width: 800px) 100vw, 800px\" \/>\t\t\t\t\t\t\t\t\t\t\t\t\t\t\t<\/div>\n\t\t\t\t<\/div>\n\t\t\t\t<\/div>\n\t\t\t\t\t<\/div>\n\t\t\t\t<\/div>\n\t\t<div class=\"elementor-element elementor-element-01e5771 e-flex e-con-boxed e-con e-parent\" data-id=\"01e5771\" data-element_type=\"container\">\n\t\t\t\t\t<div class=\"e-con-inner\">\n\t\t<div class=\"elementor-element elementor-element-36d0e9d e-con-full e-flex e-con e-child\" data-id=\"36d0e9d\" data-element_type=\"container\">\n\t\t<div class=\"elementor-element elementor-element-67d71ea e-con-full e-flex e-con e-child\" data-id=\"67d71ea\" data-element_type=\"container\">\n\t\t\t\t<div class=\"elementor-element elementor-element-8da0edb elementor-widget elementor-widget-spacer\" data-id=\"8da0edb\" data-element_type=\"widget\" data-widget_type=\"spacer.default\">\n\t\t\t\t\t\t\t<div class=\"elementor-spacer\">\n\t\t\t<div class=\"elementor-spacer-inner\"><\/div>\n\t\t<\/div>\n\t\t\t\t\t\t<\/div>\n\t\t\t\t<div class=\"elementor-element elementor-element-e4a0f21 elementor-widget elementor-widget-image\" data-id=\"e4a0f21\" data-element_type=\"widget\" data-widget_type=\"image.default\">\n\t\t\t\t\t\t\t\t\t\t\t\t\t\t\t<img loading=\"lazy\" decoding=\"async\" width=\"800\" height=\"921\" src=\"https:\/\/studiogude.dk\/wp-content\/uploads\/2025\/09\/06_Studio-Gude_Poliform_Copenhagen_Skabt-til-hverdagen-889x1024.jpg\" class=\"attachment-large size-large wp-image-2331\" alt=\"\" srcset=\"https:\/\/studiogude.dk\/wp-content\/uploads\/2025\/09\/06_Studio-Gude_Poliform_Copenhagen_Skabt-til-hverdagen-889x1024.jpg 889w, https:\/\/studiogude.dk\/wp-content\/uploads\/2025\/09\/06_Studio-Gude_Poliform_Copenhagen_Skabt-til-hverdagen-261x300.jpg 261w, https:\/\/studiogude.dk\/wp-content\/uploads\/2025\/09\/06_Studio-Gude_Poliform_Copenhagen_Skabt-til-hverdagen-768x884.jpg 768w, https:\/\/studiogude.dk\/wp-content\/uploads\/2025\/09\/06_Studio-Gude_Poliform_Copenhagen_Skabt-til-hverdagen.jpg 938w\" sizes=\"(max-width: 800px) 100vw, 800px\" \/>\t\t\t\t\t\t\t\t\t\t\t\t\t\t\t<\/div>\n\t\t\t\t<\/div>\n\t\t\t\t<\/div>\n\t\t\t\t\t<\/div>\n\t\t\t\t<\/div>\n\t\t<div class=\"elementor-element elementor-element-36d5d01 e-flex e-con-boxed e-con e-parent\" data-id=\"36d5d01\" data-element_type=\"container\">\n\t\t\t\t\t<div class=\"e-con-inner\">\n\t\t<div class=\"elementor-element elementor-element-179771e e-con-full e-flex e-con e-child\" data-id=\"179771e\" data-element_type=\"container\">\n\t\t<div class=\"elementor-element elementor-element-bdd4e93 e-con-full e-flex e-con e-child\" data-id=\"bdd4e93\" data-element_type=\"container\">\n\t\t\t\t<div class=\"elementor-element elementor-element-439017d elementor-widget elementor-widget-spacer\" data-id=\"439017d\" data-element_type=\"widget\" data-widget_type=\"spacer.default\">\n\t\t\t\t\t\t\t<div class=\"elementor-spacer\">\n\t\t\t<div class=\"elementor-spacer-inner\"><\/div>\n\t\t<\/div>\n\t\t\t\t\t\t<\/div>\n\t\t\t\t<div class=\"elementor-element elementor-element-5cc9774 elementor-widget elementor-widget-image\" data-id=\"5cc9774\" data-element_type=\"widget\" data-widget_type=\"image.default\">\n\t\t\t\t\t\t\t\t\t\t\t\t\t\t\t<img loading=\"lazy\" decoding=\"async\" width=\"800\" height=\"921\" src=\"https:\/\/studiogude.dk\/wp-content\/uploads\/2025\/09\/05_Studio-Gude_Poliform_Copenhagen_Skabt-til-hverdagen-889x1024.jpg\" class=\"attachment-large size-large wp-image-2330\" alt=\"\" srcset=\"https:\/\/studiogude.dk\/wp-content\/uploads\/2025\/09\/05_Studio-Gude_Poliform_Copenhagen_Skabt-til-hverdagen-889x1024.jpg 889w, https:\/\/studiogude.dk\/wp-content\/uploads\/2025\/09\/05_Studio-Gude_Poliform_Copenhagen_Skabt-til-hverdagen-261x300.jpg 261w, https:\/\/studiogude.dk\/wp-content\/uploads\/2025\/09\/05_Studio-Gude_Poliform_Copenhagen_Skabt-til-hverdagen-768x884.jpg 768w, https:\/\/studiogude.dk\/wp-content\/uploads\/2025\/09\/05_Studio-Gude_Poliform_Copenhagen_Skabt-til-hverdagen.jpg 938w\" sizes=\"(max-width: 800px) 100vw, 800px\" \/>\t\t\t\t\t\t\t\t\t\t\t\t\t\t\t<\/div>\n\t\t\t\t<\/div>\n\t\t\t\t<\/div>\n\t\t\t\t\t<\/div>\n\t\t\t\t<\/div>\n\t\t<div class=\"elementor-element elementor-element-08dd553 e-flex e-con-boxed e-con e-parent\" data-id=\"08dd553\" data-element_type=\"container\">\n\t\t\t\t\t<div class=\"e-con-inner\">\n\t\t<div class=\"elementor-element elementor-element-127df45 e-con-full e-flex e-con e-child\" data-id=\"127df45\" data-element_type=\"container\">\n\t\t<div class=\"elementor-element elementor-element-3672025 e-con-full e-flex e-con e-child\" data-id=\"3672025\" data-element_type=\"container\">\n\t\t\t\t<div class=\"elementor-element elementor-element-3561742 elementor-widget elementor-widget-spacer\" data-id=\"3561742\" data-element_type=\"widget\" data-widget_type=\"spacer.default\">\n\t\t\t\t\t\t\t<div class=\"elementor-spacer\">\n\t\t\t<div class=\"elementor-spacer-inner\"><\/div>\n\t\t<\/div>\n\t\t\t\t\t\t<\/div>\n\t\t\t\t<div class=\"elementor-element elementor-element-6fff98d elementor-widget elementor-widget-image\" data-id=\"6fff98d\" data-element_type=\"widget\" data-widget_type=\"image.default\">\n\t\t\t\t\t\t\t\t\t\t\t\t\t\t\t<img loading=\"lazy\" decoding=\"async\" width=\"800\" height=\"450\" src=\"https:\/\/studiogude.dk\/wp-content\/uploads\/2025\/09\/04_Studio-Gude_Poliform_Copenhagen_Skabt-til-hverdagen-1024x576.jpg\" class=\"attachment-large size-large wp-image-2329\" alt=\"\" srcset=\"https:\/\/studiogude.dk\/wp-content\/uploads\/2025\/09\/04_Studio-Gude_Poliform_Copenhagen_Skabt-til-hverdagen-1024x576.jpg 1024w, https:\/\/studiogude.dk\/wp-content\/uploads\/2025\/09\/04_Studio-Gude_Poliform_Copenhagen_Skabt-til-hverdagen-300x169.jpg 300w, https:\/\/studiogude.dk\/wp-content\/uploads\/2025\/09\/04_Studio-Gude_Poliform_Copenhagen_Skabt-til-hverdagen-768x432.jpg 768w, https:\/\/studiogude.dk\/wp-content\/uploads\/2025\/09\/04_Studio-Gude_Poliform_Copenhagen_Skabt-til-hverdagen-1536x864.jpg 1536w, https:\/\/studiogude.dk\/wp-content\/uploads\/2025\/09\/04_Studio-Gude_Poliform_Copenhagen_Skabt-til-hverdagen.jpg 1600w\" sizes=\"(max-width: 800px) 100vw, 800px\" \/>\t\t\t\t\t\t\t\t\t\t\t\t\t\t\t<\/div>\n\t\t\t\t<\/div>\n\t\t\t\t<\/div>\n\t\t\t\t\t<\/div>\n\t\t\t\t<\/div>\n\t\t<div class=\"elementor-element elementor-element-a136032 e-flex e-con-boxed e-con e-parent\" data-id=\"a136032\" data-element_type=\"container\">\n\t\t\t\t\t<div class=\"e-con-inner\">\n\t\t<div class=\"elementor-element elementor-element-60a543e e-con-full e-flex e-con e-child\" data-id=\"60a543e\" data-element_type=\"container\">\n\t\t<div class=\"elementor-element elementor-element-8c46349 e-con-full e-flex e-con e-child\" data-id=\"8c46349\" data-element_type=\"container\">\n\t\t\t\t<div class=\"elementor-element elementor-element-545ee97 elementor-widget elementor-widget-spacer\" data-id=\"545ee97\" data-element_type=\"widget\" data-widget_type=\"spacer.default\">\n\t\t\t\t\t\t\t<div class=\"elementor-spacer\">\n\t\t\t<div class=\"elementor-spacer-inner\"><\/div>\n\t\t<\/div>\n\t\t\t\t\t\t<\/div>\n\t\t\t\t<div class=\"elementor-element elementor-element-ab7eece elementor-widget elementor-widget-image\" data-id=\"ab7eece\" data-element_type=\"widget\" data-widget_type=\"image.default\">\n\t\t\t\t\t\t\t\t\t\t\t\t\t\t\t<img loading=\"lazy\" decoding=\"async\" width=\"800\" height=\"450\" src=\"https:\/\/studiogude.dk\/wp-content\/uploads\/2025\/09\/03_Studio-Gude_Poliform_Copenhagen_Skabt-til-hverdagen-1024x576.jpg\" class=\"attachment-large size-large wp-image-2328\" alt=\"\" srcset=\"https:\/\/studiogude.dk\/wp-content\/uploads\/2025\/09\/03_Studio-Gude_Poliform_Copenhagen_Skabt-til-hverdagen-1024x576.jpg 1024w, https:\/\/studiogude.dk\/wp-content\/uploads\/2025\/09\/03_Studio-Gude_Poliform_Copenhagen_Skabt-til-hverdagen-300x169.jpg 300w, https:\/\/studiogude.dk\/wp-content\/uploads\/2025\/09\/03_Studio-Gude_Poliform_Copenhagen_Skabt-til-hverdagen-768x432.jpg 768w, https:\/\/studiogude.dk\/wp-content\/uploads\/2025\/09\/03_Studio-Gude_Poliform_Copenhagen_Skabt-til-hverdagen-1536x864.jpg 1536w, https:\/\/studiogude.dk\/wp-content\/uploads\/2025\/09\/03_Studio-Gude_Poliform_Copenhagen_Skabt-til-hverdagen.jpg 1600w\" sizes=\"(max-width: 800px) 100vw, 800px\" \/>\t\t\t\t\t\t\t\t\t\t\t\t\t\t\t<\/div>\n\t\t\t\t<\/div>\n\t\t\t\t<\/div>\n\t\t\t\t\t<\/div>\n\t\t\t\t<\/div>\n\t\t<div class=\"elementor-element elementor-element-49a8f83c e-flex e-con-boxed e-con e-parent\" data-id=\"49a8f83c\" data-element_type=\"container\">\n\t\t\t\t\t<div class=\"e-con-inner\">\n\t\t\t\t<div class=\"elementor-element elementor-element-657f8f0a elementor-widget elementor-widget-spacer\" data-id=\"657f8f0a\" data-element_type=\"widget\" data-widget_type=\"spacer.default\">\n\t\t\t\t\t\t\t<div class=\"elementor-spacer\">\n\t\t\t<div class=\"elementor-spacer-inner\"><\/div>\n\t\t<\/div>\n\t\t\t\t\t\t<\/div>\n\t\t<div class=\"elementor-element elementor-element-6cb4e0bb e-con-full e-flex e-con e-child\" data-id=\"6cb4e0bb\" data-element_type=\"container\">\n\t\t<div class=\"elementor-element elementor-element-7fce3df4 e-con-full e-flex e-con e-child\" data-id=\"7fce3df4\" data-element_type=\"container\">\n\t\t\t\t<div class=\"elementor-element elementor-element-923b95 elementor-widget elementor-widget-text-editor\" data-id=\"923b95\" data-element_type=\"widget\" data-widget_type=\"text-editor.default\">\n\t\t\t\t\t\t\t\t\t<p><a class=\"read-more-link\" href=\"https:\/\/studiogude.dk\/eng\/aktuelt-oversigt\/\">SEE ALL ARTICLES<\/a><\/p>\t\t\t\t\t\t\t\t<\/div>\n\t\t\t\t<\/div>\n\t\t\t\t<\/div>\n\t\t\t\t\t<\/div>\n\t\t\t\t<\/div>\n\t\t\t\t<\/div>","protected":false},"excerpt":{"rendered":"<p>ARTIKEL 15.09.2025 SKABT TIL HVERDAGEN Oplev garderoben som et personligt frirum, hvor luksus og funktion g\u00e5r h\u00e5nd i h\u00e5nd. L\u00f8sninger fra Poliform forener kompromisl\u00f8s \u00e6stetik med intelligent design. Ganske enkelt skabt til at indfri de h\u00f8jeste forventninger til form, materialer og funktionalitet. Hver detalje er gennemt\u00e6nkt, hver overflade n\u00f8je udvalgt. Resultatet er ikke blot opbevaring, [&hellip;]<\/p>","protected":false},"author":1,"featured_media":0,"parent":0,"menu_order":0,"comment_status":"closed","ping_status":"closed","template":"elementor_header_footer","meta":{"_oct_exclude_from_cache":false,"footnotes":""},"class_list":["post-1910","page","type-page","status-publish","hentry"],"_links":{"self":[{"href":"https:\/\/studiogude.dk\/eng\/wp-json\/wp\/v2\/pages\/1910","targetHints":{"allow":["GET"]}}],"collection":[{"href":"https:\/\/studiogude.dk\/eng\/wp-json\/wp\/v2\/pages"}],"about":[{"href":"https:\/\/studiogude.dk\/eng\/wp-json\/wp\/v2\/types\/page"}],"author":[{"embeddable":true,"href":"https:\/\/studiogude.dk\/eng\/wp-json\/wp\/v2\/users\/1"}],"replies":[{"embeddable":true,"href":"https:\/\/studiogude.dk\/eng\/wp-json\/wp\/v2\/comments?post=1910"}],"version-history":[{"count":25,"href":"https:\/\/studiogude.dk\/eng\/wp-json\/wp\/v2\/pages\/1910\/revisions"}],"predecessor-version":[{"id":2887,"href":"https:\/\/studiogude.dk\/eng\/wp-json\/wp\/v2\/pages\/1910\/revisions\/2887"}],"wp:attachment":[{"href":"https:\/\/studiogude.dk\/eng\/wp-json\/wp\/v2\/media?parent=1910"}],"curies":[{"name":"wp","href":"https:\/\/api.w.org\/{rel}","templated":true}]}}