{"id":1881,"date":"2025-09-15T12:58:44","date_gmt":"2025-09-15T10:58:44","guid":{"rendered":"https:\/\/studiogude.dk\/?page_id=1881"},"modified":"2025-10-28T10:27:40","modified_gmt":"2025-10-28T09:27:40","slug":"kogekunst","status":"publish","type":"page","link":"https:\/\/studiogude.dk\/eng\/kogekunst\/","title":{"rendered":"Kogekunst"},"content":{"rendered":"<div data-elementor-type=\"wp-page\" data-elementor-id=\"1881\" class=\"elementor elementor-1881\" data-elementor-post-type=\"page\">\n\t\t\t\t<div class=\"elementor-element elementor-element-71a31cdd e-flex e-con-boxed e-con e-parent\" data-id=\"71a31cdd\" data-element_type=\"container\">\n\t\t\t\t\t<div class=\"e-con-inner\">\n\t\t\t\t<div class=\"elementor-element elementor-element-280c8646 elementor-widget elementor-widget-spacer\" data-id=\"280c8646\" data-element_type=\"widget\" data-widget_type=\"spacer.default\">\n\t\t\t\t\t\t\t<div class=\"elementor-spacer\">\n\t\t\t<div class=\"elementor-spacer-inner\"><\/div>\n\t\t<\/div>\n\t\t\t\t\t\t<\/div>\n\t\t\t\t\t<\/div>\n\t\t\t\t<\/div>\n\t\t<div class=\"elementor-element elementor-element-2f6ca5ec e-grid e-con-boxed e-con e-parent\" data-id=\"2f6ca5ec\" data-element_type=\"container\">\n\t\t\t\t\t<div class=\"e-con-inner\">\n\t\t\t\t<div class=\"elementor-element elementor-element-35f8e71 elementor-widget elementor-widget-video\" data-id=\"35f8e71\" data-element_type=\"widget\" data-settings=\"{&quot;video_type&quot;:&quot;hosted&quot;,&quot;autoplay&quot;:&quot;yes&quot;,&quot;mute&quot;:&quot;yes&quot;,&quot;loop&quot;:&quot;yes&quot;,&quot;play_on_mobile&quot;:&quot;yes&quot;}\" data-widget_type=\"video.default\">\n\t\t\t\t\t\t\t<div class=\"e-hosted-video elementor-wrapper elementor-open-inline\">\n\t\t\t\t\t<video class=\"elementor-video\" src=\"https:\/\/studiogude.dk\/wp-content\/uploads\/2025\/09\/Forside-2.mp4\" autoplay=\"\" loop=\"\" muted=\"muted\" playsinline=\"\" controlslist=\"nodownload\"><\/video>\n\t\t\t\t<\/div>\n\t\t\t\t\t\t<\/div>\n\t\t<div class=\"elementor-element elementor-element-19ad87fc e-con-full e-flex e-con e-child\" data-id=\"19ad87fc\" data-element_type=\"container\">\n\t\t\t\t<div class=\"elementor-element elementor-element-5fea4434 elementor-widget elementor-widget-text-editor\" data-id=\"5fea4434\" data-element_type=\"widget\" data-widget_type=\"text-editor.default\">\n\t\t\t\t\t\t\t\t\t<p>ARTICLE 15.09.2025<\/p>\t\t\t\t\t\t\t\t<\/div>\n\t\t\t\t<div class=\"elementor-element elementor-element-5e71257c elementor-widget elementor-widget-heading\" data-id=\"5e71257c\" data-element_type=\"widget\" data-widget_type=\"heading.default\">\n\t\t\t\t\t<h2 class=\"elementor-heading-title elementor-size-default\">The art of cooking<\/h2>\t\t\t\t<\/div>\n\t\t<div class=\"elementor-element elementor-element-5f1392ad e-con-full e-flex e-con e-child\" data-id=\"5f1392ad\" data-element_type=\"container\">\n\t\t\t\t<div class=\"elementor-element elementor-element-1cb71254 elementor-widget elementor-widget-text-editor\" data-id=\"1cb71254\" data-element_type=\"widget\" data-widget_type=\"text-editor.default\">\n\t\t\t\t\t\t\t\t\t<p class=\"p1\">With exceptional design and craftsmanship, a kitchen from Poliform embodies every aspiration to integrate outstanding functionality and aesthetics into the space we in Denmark often refer to as the heart of our home.\u2028It is where daily life unfolds.  Where we find comfort in solitude, create moments with family and friends, bake with the children, cook for everyday and celebration, brew coffee, share long conversations, and search for a midnight snack.<\/p><p class=\"p1\">A kitchen is functional and rational, yet deeply sensory. Poliform\u2019s solutions bring these qualities into perfect harmony, designed to reflect both needs and emotions.<\/p>\t\t\t\t\t\t\t\t<\/div>\n\t\t\t\t<\/div>\n\t\t<div class=\"elementor-element elementor-element-11439bf9 e-con-full e-flex e-con e-child\" data-id=\"11439bf9\" data-element_type=\"container\">\n\t\t<div class=\"elementor-element elementor-element-261da99 e-grid e-con-full e-con e-child\" data-id=\"261da99\" data-element_type=\"container\">\n\t\t\t\t<\/div>\n\t\t\t\t<\/div>\n\t\t<div class=\"elementor-element elementor-element-3275c7ca e-con-full e-flex e-con e-child\" data-id=\"3275c7ca\" data-element_type=\"container\">\n\t\t<div class=\"elementor-element elementor-element-439dd7f2 e-con-full e-flex e-con e-child\" data-id=\"439dd7f2\" data-element_type=\"container\">\n\t\t<div class=\"elementor-element elementor-element-bfd99ee e-con-full e-flex e-con e-child\" data-id=\"bfd99ee\" data-element_type=\"container\">\n\t\t\t\t<div class=\"elementor-element elementor-element-45175d8 elementor-widget elementor-widget-spacer\" data-id=\"45175d8\" data-element_type=\"widget\" data-widget_type=\"spacer.default\">\n\t\t\t\t\t\t\t<div class=\"elementor-spacer\">\n\t\t\t<div class=\"elementor-spacer-inner\"><\/div>\n\t\t<\/div>\n\t\t\t\t\t\t<\/div>\n\t\t\t\t<div class=\"elementor-element elementor-element-471e0b7 elementor-widget elementor-widget-text-editor\" data-id=\"471e0b7\" data-element_type=\"widget\" data-widget_type=\"text-editor.default\">\n\t\t\t\t\t\t\t\t\t<p><a class=\"read-more-link\" href=\"https:\/\/studiogude.dk\/eng\/aktuelt-oversigt\/\">SEE ALL ARTICLES<\/a><\/p>\t\t\t\t\t\t\t\t<\/div>\n\t\t\t\t<div class=\"elementor-element elementor-element-88ca211 elementor-widget elementor-widget-spacer\" data-id=\"88ca211\" data-element_type=\"widget\" data-widget_type=\"spacer.default\">\n\t\t\t\t\t\t\t<div class=\"elementor-spacer\">\n\t\t\t<div class=\"elementor-spacer-inner\"><\/div>\n\t\t<\/div>\n\t\t\t\t\t\t<\/div>\n\t\t\t\t<div class=\"elementor-element elementor-element-04fc639 elementor-widget elementor-widget-text-editor\" data-id=\"04fc639\" data-element_type=\"widget\" data-widget_type=\"text-editor.default\">\n\t\t\t\t\t\t\t\t\t<p><strong>FOLLOW US\u00a0<\/strong><\/p><p><a href=\"https:\/\/www.instagram.com\/studio_gude\/\" target=\"_blank\" rel=\"noopener\">INSTAGRAM<\/a><br \/><a href=\"https:\/\/www.facebook.com\/profile.php?id=61552611795400\" target=\"_blank\" rel=\"noopener\">FACEBOOK<\/a><br \/><a href=\"https:\/\/dk.pinterest.com\/studiogude\/?invite_code=a9e786cd4425456dbe64037ce4cb97df&amp;sender=1141240499232129527\" target=\"_blank\" rel=\"noopener\">PINTEREST<\/a><\/p>\t\t\t\t\t\t\t\t<\/div>\n\t\t\t\t<\/div>\n\t\t\t\t<\/div>\n\t\t\t\t<\/div>\n\t\t\t\t<\/div>\n\t\t\t\t\t<\/div>\n\t\t\t\t<\/div>\n\t\t<div class=\"elementor-element elementor-element-6df501cc e-flex e-con-boxed e-con e-parent\" data-id=\"6df501cc\" data-element_type=\"container\">\n\t\t\t\t\t<div class=\"e-con-inner\">\n\t\t<div class=\"elementor-element elementor-element-7d850d9f e-con-full e-flex e-con e-child\" data-id=\"7d850d9f\" data-element_type=\"container\">\n\t\t<div class=\"elementor-element elementor-element-77647af2 e-con-full e-flex e-con e-child\" data-id=\"77647af2\" data-element_type=\"container\">\n\t\t\t\t<div class=\"elementor-element elementor-element-cd9cd07 elementor-widget elementor-widget-spacer\" data-id=\"cd9cd07\" data-element_type=\"widget\" data-widget_type=\"spacer.default\">\n\t\t\t\t\t\t\t<div class=\"elementor-spacer\">\n\t\t\t<div class=\"elementor-spacer-inner\"><\/div>\n\t\t<\/div>\n\t\t\t\t\t\t<\/div>\n\t\t\t\t<div class=\"elementor-element elementor-element-182de5b8 elementor-widget elementor-widget-image\" data-id=\"182de5b8\" data-element_type=\"widget\" data-widget_type=\"image.default\">\n\t\t\t\t\t\t\t\t\t\t\t\t\t\t\t<img fetchpriority=\"high\" decoding=\"async\" width=\"768\" height=\"432\" src=\"https:\/\/studiogude.dk\/wp-content\/uploads\/2025\/09\/07_Studio-Gude_Poliform_Copenhagen_Kogekunst-768x432.jpg\" class=\"attachment-medium_large size-medium_large wp-image-2318\" alt=\"\" srcset=\"https:\/\/studiogude.dk\/wp-content\/uploads\/2025\/09\/07_Studio-Gude_Poliform_Copenhagen_Kogekunst-768x432.jpg 768w, https:\/\/studiogude.dk\/wp-content\/uploads\/2025\/09\/07_Studio-Gude_Poliform_Copenhagen_Kogekunst-300x169.jpg 300w, https:\/\/studiogude.dk\/wp-content\/uploads\/2025\/09\/07_Studio-Gude_Poliform_Copenhagen_Kogekunst-1024x576.jpg 1024w, https:\/\/studiogude.dk\/wp-content\/uploads\/2025\/09\/07_Studio-Gude_Poliform_Copenhagen_Kogekunst-1536x864.jpg 1536w, https:\/\/studiogude.dk\/wp-content\/uploads\/2025\/09\/07_Studio-Gude_Poliform_Copenhagen_Kogekunst.jpg 1600w\" sizes=\"(max-width: 768px) 100vw, 768px\" \/>\t\t\t\t\t\t\t\t\t\t\t\t\t\t\t<\/div>\n\t\t\t\t<\/div>\n\t\t\t\t<\/div>\n\t\t\t\t\t<\/div>\n\t\t\t\t<\/div>\n\t\t<div class=\"elementor-element elementor-element-24e9efa e-flex e-con-boxed e-con e-parent\" data-id=\"24e9efa\" data-element_type=\"container\">\n\t\t\t\t\t<div class=\"e-con-inner\">\n\t\t<div class=\"elementor-element elementor-element-c5624fd e-con-full e-flex e-con e-child\" data-id=\"c5624fd\" data-element_type=\"container\">\n\t\t<div class=\"elementor-element elementor-element-1bc589f e-con-full e-flex e-con e-child\" data-id=\"1bc589f\" data-element_type=\"container\">\n\t\t\t\t<div class=\"elementor-element elementor-element-5cb2630 elementor-widget elementor-widget-spacer\" data-id=\"5cb2630\" data-element_type=\"widget\" data-widget_type=\"spacer.default\">\n\t\t\t\t\t\t\t<div class=\"elementor-spacer\">\n\t\t\t<div class=\"elementor-spacer-inner\"><\/div>\n\t\t<\/div>\n\t\t\t\t\t\t<\/div>\n\t\t\t\t<div class=\"elementor-element elementor-element-d4d2c12 elementor-widget elementor-widget-image\" data-id=\"d4d2c12\" data-element_type=\"widget\" data-widget_type=\"image.default\">\n\t\t\t\t\t\t\t\t\t\t\t\t\t\t\t<img decoding=\"async\" width=\"768\" height=\"896\" src=\"https:\/\/studiogude.dk\/wp-content\/uploads\/2025\/09\/01_Studio-Gude_Poliform_Copenhagen_Kogekunst-768x896.jpg\" class=\"attachment-medium_large size-medium_large wp-image-2312\" alt=\"\" srcset=\"https:\/\/studiogude.dk\/wp-content\/uploads\/2025\/09\/01_Studio-Gude_Poliform_Copenhagen_Kogekunst-768x896.jpg 768w, https:\/\/studiogude.dk\/wp-content\/uploads\/2025\/09\/01_Studio-Gude_Poliform_Copenhagen_Kogekunst-257x300.jpg 257w, https:\/\/studiogude.dk\/wp-content\/uploads\/2025\/09\/01_Studio-Gude_Poliform_Copenhagen_Kogekunst-878x1024.jpg 878w, https:\/\/studiogude.dk\/wp-content\/uploads\/2025\/09\/01_Studio-Gude_Poliform_Copenhagen_Kogekunst.jpg 926w\" sizes=\"(max-width: 768px) 100vw, 768px\" \/>\t\t\t\t\t\t\t\t\t\t\t\t\t\t\t<\/div>\n\t\t\t\t<\/div>\n\t\t\t\t<\/div>\n\t\t\t\t\t<\/div>\n\t\t\t\t<\/div>\n\t\t<div class=\"elementor-element elementor-element-8c5c3e7 e-flex e-con-boxed e-con e-parent\" data-id=\"8c5c3e7\" data-element_type=\"container\">\n\t\t\t\t\t<div class=\"e-con-inner\">\n\t\t<div class=\"elementor-element elementor-element-40ac12ce e-con-full e-flex e-con e-child\" data-id=\"40ac12ce\" data-element_type=\"container\">\n\t\t<div class=\"elementor-element elementor-element-76e6c57f e-con-full e-flex e-con e-child\" data-id=\"76e6c57f\" data-element_type=\"container\">\n\t\t\t\t<div class=\"elementor-element elementor-element-492e65f3 elementor-widget elementor-widget-spacer\" data-id=\"492e65f3\" data-element_type=\"widget\" data-widget_type=\"spacer.default\">\n\t\t\t\t\t\t\t<div class=\"elementor-spacer\">\n\t\t\t<div class=\"elementor-spacer-inner\"><\/div>\n\t\t<\/div>\n\t\t\t\t\t\t<\/div>\n\t\t\t\t<div class=\"elementor-element elementor-element-41c5bb3e elementor-widget__width-initial elementor-widget elementor-widget-image\" data-id=\"41c5bb3e\" data-element_type=\"widget\" data-widget_type=\"image.default\">\n\t\t\t\t\t\t\t\t\t\t\t\t\t\t\t<img decoding=\"async\" width=\"800\" height=\"450\" src=\"https:\/\/studiogude.dk\/wp-content\/uploads\/2025\/09\/08_Studio-Gude_Poliform_Copenhagen_Kogekunst-1024x576.jpg\" class=\"attachment-large size-large wp-image-2319\" alt=\"\" srcset=\"https:\/\/studiogude.dk\/wp-content\/uploads\/2025\/09\/08_Studio-Gude_Poliform_Copenhagen_Kogekunst-1024x576.jpg 1024w, https:\/\/studiogude.dk\/wp-content\/uploads\/2025\/09\/08_Studio-Gude_Poliform_Copenhagen_Kogekunst-300x169.jpg 300w, https:\/\/studiogude.dk\/wp-content\/uploads\/2025\/09\/08_Studio-Gude_Poliform_Copenhagen_Kogekunst-768x432.jpg 768w, https:\/\/studiogude.dk\/wp-content\/uploads\/2025\/09\/08_Studio-Gude_Poliform_Copenhagen_Kogekunst-1536x864.jpg 1536w, https:\/\/studiogude.dk\/wp-content\/uploads\/2025\/09\/08_Studio-Gude_Poliform_Copenhagen_Kogekunst.jpg 1600w\" sizes=\"(max-width: 800px) 100vw, 800px\" \/>\t\t\t\t\t\t\t\t\t\t\t\t\t\t\t<\/div>\n\t\t\t\t<\/div>\n\t\t\t\t<\/div>\n\t\t\t\t\t<\/div>\n\t\t\t\t<\/div>\n\t\t<div class=\"elementor-element elementor-element-38703b07 e-flex e-con-boxed e-con e-parent\" data-id=\"38703b07\" data-element_type=\"container\">\n\t\t\t\t\t<div class=\"e-con-inner\">\n\t\t<div class=\"elementor-element elementor-element-1a35a718 e-con-full e-flex e-con e-child\" data-id=\"1a35a718\" data-element_type=\"container\">\n\t\t<div class=\"elementor-element elementor-element-79261767 e-con-full e-flex e-con e-child\" data-id=\"79261767\" data-element_type=\"container\">\n\t\t\t\t<div class=\"elementor-element elementor-element-6884257 elementor-widget elementor-widget-spacer\" data-id=\"6884257\" data-element_type=\"widget\" data-widget_type=\"spacer.default\">\n\t\t\t\t\t\t\t<div class=\"elementor-spacer\">\n\t\t\t<div class=\"elementor-spacer-inner\"><\/div>\n\t\t<\/div>\n\t\t\t\t\t\t<\/div>\n\t\t\t\t<div class=\"elementor-element elementor-element-f12e2ae elementor-widget__width-initial elementor-widget elementor-widget-image\" data-id=\"f12e2ae\" data-element_type=\"widget\" data-widget_type=\"image.default\">\n\t\t\t\t\t\t\t\t\t\t\t\t\t\t\t<img loading=\"lazy\" decoding=\"async\" width=\"800\" height=\"933\" src=\"https:\/\/studiogude.dk\/wp-content\/uploads\/2025\/09\/03_Studio-Gude_Poliform_Copenhagen_Kogekunst-878x1024.jpg\" class=\"attachment-large size-large wp-image-2314\" alt=\"\" srcset=\"https:\/\/studiogude.dk\/wp-content\/uploads\/2025\/09\/03_Studio-Gude_Poliform_Copenhagen_Kogekunst-878x1024.jpg 878w, https:\/\/studiogude.dk\/wp-content\/uploads\/2025\/09\/03_Studio-Gude_Poliform_Copenhagen_Kogekunst-257x300.jpg 257w, https:\/\/studiogude.dk\/wp-content\/uploads\/2025\/09\/03_Studio-Gude_Poliform_Copenhagen_Kogekunst-768x896.jpg 768w, https:\/\/studiogude.dk\/wp-content\/uploads\/2025\/09\/03_Studio-Gude_Poliform_Copenhagen_Kogekunst.jpg 926w\" sizes=\"(max-width: 800px) 100vw, 800px\" \/>\t\t\t\t\t\t\t\t\t\t\t\t\t\t\t<\/div>\n\t\t\t\t<\/div>\n\t\t\t\t<\/div>\n\t\t\t\t\t<\/div>\n\t\t\t\t<\/div>\n\t\t<div class=\"elementor-element elementor-element-ab093d7 e-flex e-con-boxed e-con e-parent\" data-id=\"ab093d7\" data-element_type=\"container\">\n\t\t\t\t\t<div class=\"e-con-inner\">\n\t\t<div class=\"elementor-element elementor-element-46993c27 e-con-full e-flex e-con e-child\" data-id=\"46993c27\" data-element_type=\"container\">\n\t\t<div class=\"elementor-element elementor-element-1a5c56b9 e-con-full e-flex e-con e-child\" data-id=\"1a5c56b9\" data-element_type=\"container\">\n\t\t\t\t<div class=\"elementor-element elementor-element-33e3c14f elementor-widget elementor-widget-spacer\" data-id=\"33e3c14f\" data-element_type=\"widget\" data-widget_type=\"spacer.default\">\n\t\t\t\t\t\t\t<div class=\"elementor-spacer\">\n\t\t\t<div class=\"elementor-spacer-inner\"><\/div>\n\t\t<\/div>\n\t\t\t\t\t\t<\/div>\n\t\t\t\t<div class=\"elementor-element elementor-element-447f316c elementor-widget__width-initial elementor-widget elementor-widget-image\" data-id=\"447f316c\" data-element_type=\"widget\" data-widget_type=\"image.default\">\n\t\t\t\t\t\t\t\t\t\t\t\t\t\t\t<img loading=\"lazy\" decoding=\"async\" width=\"800\" height=\"450\" src=\"https:\/\/studiogude.dk\/wp-content\/uploads\/2025\/09\/05_Studio-Gude_Poliform_Copenhagen_Kogekunst-1024x576.jpg\" class=\"attachment-large size-large wp-image-2316\" alt=\"\" srcset=\"https:\/\/studiogude.dk\/wp-content\/uploads\/2025\/09\/05_Studio-Gude_Poliform_Copenhagen_Kogekunst-1024x576.jpg 1024w, https:\/\/studiogude.dk\/wp-content\/uploads\/2025\/09\/05_Studio-Gude_Poliform_Copenhagen_Kogekunst-300x169.jpg 300w, https:\/\/studiogude.dk\/wp-content\/uploads\/2025\/09\/05_Studio-Gude_Poliform_Copenhagen_Kogekunst-768x432.jpg 768w, https:\/\/studiogude.dk\/wp-content\/uploads\/2025\/09\/05_Studio-Gude_Poliform_Copenhagen_Kogekunst-1536x864.jpg 1536w, https:\/\/studiogude.dk\/wp-content\/uploads\/2025\/09\/05_Studio-Gude_Poliform_Copenhagen_Kogekunst.jpg 1600w\" sizes=\"(max-width: 800px) 100vw, 800px\" \/>\t\t\t\t\t\t\t\t\t\t\t\t\t\t\t<\/div>\n\t\t\t\t<\/div>\n\t\t\t\t<\/div>\n\t\t\t\t\t<\/div>\n\t\t\t\t<\/div>\n\t\t<div class=\"elementor-element elementor-element-5077dc6 e-flex e-con-boxed e-con e-parent\" data-id=\"5077dc6\" data-element_type=\"container\">\n\t\t\t\t\t<div class=\"e-con-inner\">\n\t\t<div class=\"elementor-element elementor-element-134b163 e-con-full e-flex e-con e-child\" data-id=\"134b163\" data-element_type=\"container\">\n\t\t<div class=\"elementor-element elementor-element-33ba00e e-con-full e-flex e-con e-child\" data-id=\"33ba00e\" data-element_type=\"container\">\n\t\t\t\t<div class=\"elementor-element elementor-element-29e1721 elementor-widget elementor-widget-spacer\" data-id=\"29e1721\" data-element_type=\"widget\" data-widget_type=\"spacer.default\">\n\t\t\t\t\t\t\t<div class=\"elementor-spacer\">\n\t\t\t<div class=\"elementor-spacer-inner\"><\/div>\n\t\t<\/div>\n\t\t\t\t\t\t<\/div>\n\t\t\t\t<div class=\"elementor-element elementor-element-84607b3 elementor-widget__width-initial elementor-widget elementor-widget-image\" data-id=\"84607b3\" data-element_type=\"widget\" data-widget_type=\"image.default\">\n\t\t\t\t\t\t\t\t\t\t\t\t\t\t\t<img loading=\"lazy\" decoding=\"async\" width=\"800\" height=\"933\" src=\"https:\/\/studiogude.dk\/wp-content\/uploads\/2025\/09\/04_Studio-Gude_Poliform_Copenhagen_Kogekunst-878x1024.jpg\" class=\"attachment-large size-large wp-image-2315\" alt=\"\" srcset=\"https:\/\/studiogude.dk\/wp-content\/uploads\/2025\/09\/04_Studio-Gude_Poliform_Copenhagen_Kogekunst-878x1024.jpg 878w, https:\/\/studiogude.dk\/wp-content\/uploads\/2025\/09\/04_Studio-Gude_Poliform_Copenhagen_Kogekunst-257x300.jpg 257w, https:\/\/studiogude.dk\/wp-content\/uploads\/2025\/09\/04_Studio-Gude_Poliform_Copenhagen_Kogekunst-768x896.jpg 768w, https:\/\/studiogude.dk\/wp-content\/uploads\/2025\/09\/04_Studio-Gude_Poliform_Copenhagen_Kogekunst.jpg 926w\" sizes=\"(max-width: 800px) 100vw, 800px\" \/>\t\t\t\t\t\t\t\t\t\t\t\t\t\t\t<\/div>\n\t\t\t\t<\/div>\n\t\t\t\t<\/div>\n\t\t\t\t\t<\/div>\n\t\t\t\t<\/div>\n\t\t<div class=\"elementor-element elementor-element-5e3c10db e-flex e-con-boxed e-con e-parent\" data-id=\"5e3c10db\" data-element_type=\"container\">\n\t\t\t\t\t<div class=\"e-con-inner\">\n\t\t\t\t<div class=\"elementor-element elementor-element-6cb45ac8 elementor-widget elementor-widget-spacer\" data-id=\"6cb45ac8\" data-element_type=\"widget\" data-widget_type=\"spacer.default\">\n\t\t\t\t\t\t\t<div class=\"elementor-spacer\">\n\t\t\t<div class=\"elementor-spacer-inner\"><\/div>\n\t\t<\/div>\n\t\t\t\t\t\t<\/div>\n\t\t<div class=\"elementor-element elementor-element-6603d1a4 e-con-full e-flex e-con e-child\" data-id=\"6603d1a4\" data-element_type=\"container\">\n\t\t<div class=\"elementor-element elementor-element-1027d53e e-con-full e-flex e-con e-child\" data-id=\"1027d53e\" data-element_type=\"container\">\n\t\t\t\t<div class=\"elementor-element elementor-element-19a4c7ad elementor-widget elementor-widget-text-editor\" data-id=\"19a4c7ad\" data-element_type=\"widget\" data-widget_type=\"text-editor.default\">\n\t\t\t\t\t\t\t\t\t<p><a class=\"read-more-link\" href=\"https:\/\/studiogude.dk\/eng\/aktuelt-oversigt\/\">SEE ALL ARTICLES<\/a><\/p>\t\t\t\t\t\t\t\t<\/div>\n\t\t\t\t<\/div>\n\t\t\t\t<\/div>\n\t\t\t\t\t<\/div>\n\t\t\t\t<\/div>\n\t\t\t\t<\/div>","protected":false},"excerpt":{"rendered":"<p>https:\/\/studiogude.dk\/wp-content\/uploads\/2025\/09\/Forside-2.mp4 ARTIKEL 15.09.2025 kogekunst Med de ypperligste design og l\u00f8sninger repr\u00e6senterer et k\u00f8kken fra Poliform enhver dr\u00f8m om at integrere uovertruffen funktionalitet og \u00e6stetik i det rum, vi i Danmark ofte omtaler som hjertet i vores hjem. Det er her vi lever til hverdag, trives alene, skaber oplevelser med familie og venner, bager kager med [&hellip;]<\/p>","protected":false},"author":1,"featured_media":0,"parent":0,"menu_order":0,"comment_status":"closed","ping_status":"closed","template":"elementor_header_footer","meta":{"_oct_exclude_from_cache":false,"footnotes":""},"class_list":["post-1881","page","type-page","status-publish","hentry"],"_links":{"self":[{"href":"https:\/\/studiogude.dk\/eng\/wp-json\/wp\/v2\/pages\/1881","targetHints":{"allow":["GET"]}}],"collection":[{"href":"https:\/\/studiogude.dk\/eng\/wp-json\/wp\/v2\/pages"}],"about":[{"href":"https:\/\/studiogude.dk\/eng\/wp-json\/wp\/v2\/types\/page"}],"author":[{"embeddable":true,"href":"https:\/\/studiogude.dk\/eng\/wp-json\/wp\/v2\/users\/1"}],"replies":[{"embeddable":true,"href":"https:\/\/studiogude.dk\/eng\/wp-json\/wp\/v2\/comments?post=1881"}],"version-history":[{"count":25,"href":"https:\/\/studiogude.dk\/eng\/wp-json\/wp\/v2\/pages\/1881\/revisions"}],"predecessor-version":[{"id":2881,"href":"https:\/\/studiogude.dk\/eng\/wp-json\/wp\/v2\/pages\/1881\/revisions\/2881"}],"wp:attachment":[{"href":"https:\/\/studiogude.dk\/eng\/wp-json\/wp\/v2\/media?parent=1881"}],"curies":[{"name":"wp","href":"https:\/\/api.w.org\/{rel}","templated":true}]}}