{"id":1846,"date":"2025-09-15T12:37:28","date_gmt":"2025-09-15T10:37:28","guid":{"rendered":"https:\/\/studiogude.dk\/?page_id=1846"},"modified":"2025-10-28T10:27:20","modified_gmt":"2025-10-28T09:27:20","slug":"dedikerettilorden","status":"publish","type":"page","link":"https:\/\/studiogude.dk\/eng\/dedikerettilorden\/","title":{"rendered":"DedikerettilOrden"},"content":{"rendered":"<div data-elementor-type=\"wp-page\" data-elementor-id=\"1846\" class=\"elementor elementor-1846\" data-elementor-post-type=\"page\">\n\t\t\t\t<div class=\"elementor-element elementor-element-63d7c629 e-flex e-con-boxed e-con e-parent\" data-id=\"63d7c629\" data-element_type=\"container\">\n\t\t\t\t\t<div class=\"e-con-inner\">\n\t\t\t\t<div class=\"elementor-element elementor-element-6c6e094a elementor-widget elementor-widget-spacer\" data-id=\"6c6e094a\" data-element_type=\"widget\" data-widget_type=\"spacer.default\">\n\t\t\t\t\t\t\t<div class=\"elementor-spacer\">\n\t\t\t<div class=\"elementor-spacer-inner\"><\/div>\n\t\t<\/div>\n\t\t\t\t\t\t<\/div>\n\t\t\t\t\t<\/div>\n\t\t\t\t<\/div>\n\t\t<div class=\"elementor-element elementor-element-5e390290 e-grid e-con-boxed e-con e-parent\" data-id=\"5e390290\" data-element_type=\"container\">\n\t\t\t\t\t<div class=\"e-con-inner\">\n\t\t\t\t<div class=\"elementor-element elementor-element-24cc9df9 elementor-widget elementor-widget-image\" data-id=\"24cc9df9\" data-element_type=\"widget\" data-widget_type=\"image.default\">\n\t\t\t\t\t\t\t\t\t\t\t\t\t\t\t<img fetchpriority=\"high\" decoding=\"async\" width=\"768\" height=\"911\" src=\"https:\/\/studiogude.dk\/wp-content\/uploads\/2025\/09\/06_Studio-Gude_Poliform_Copenhagen_Bolig_Dedikeret-til-orden-768x911.jpg\" class=\"attachment-medium_large size-medium_large wp-image-2325\" alt=\"\" srcset=\"https:\/\/studiogude.dk\/wp-content\/uploads\/2025\/09\/06_Studio-Gude_Poliform_Copenhagen_Bolig_Dedikeret-til-orden-768x911.jpg 768w, https:\/\/studiogude.dk\/wp-content\/uploads\/2025\/09\/06_Studio-Gude_Poliform_Copenhagen_Bolig_Dedikeret-til-orden-253x300.jpg 253w, https:\/\/studiogude.dk\/wp-content\/uploads\/2025\/09\/06_Studio-Gude_Poliform_Copenhagen_Bolig_Dedikeret-til-orden.jpg 834w\" sizes=\"(max-width: 768px) 100vw, 768px\" \/>\t\t\t\t\t\t\t\t\t\t\t\t\t\t\t<\/div>\n\t\t<div class=\"elementor-element elementor-element-8d01184 e-con-full e-flex e-con e-child\" data-id=\"8d01184\" data-element_type=\"container\">\n\t\t\t\t<div class=\"elementor-element elementor-element-5eb58708 elementor-widget elementor-widget-text-editor\" data-id=\"5eb58708\" data-element_type=\"widget\" data-widget_type=\"text-editor.default\">\n\t\t\t\t\t\t\t\t\t<p>ARTICLE 15.09.2025<\/p>\t\t\t\t\t\t\t\t<\/div>\n\t\t\t\t<div class=\"elementor-element elementor-element-4a7b03d1 elementor-widget elementor-widget-heading\" data-id=\"4a7b03d1\" data-element_type=\"widget\" data-widget_type=\"heading.default\">\n\t\t\t\t\t<h2 class=\"elementor-heading-title elementor-size-default\">DEDICATED TO ORDER<\/h2>\t\t\t\t<\/div>\n\t\t<div class=\"elementor-element elementor-element-724c6ccc e-con-full e-flex e-con e-child\" data-id=\"724c6ccc\" data-element_type=\"container\">\n\t\t\t\t<div class=\"elementor-element elementor-element-6912f0cf elementor-widget elementor-widget-text-editor\" data-id=\"6912f0cf\" data-element_type=\"widget\" data-widget_type=\"text-editor.default\">\n\t\t\t\t\t\t\t\t\t<p class=\"p1\">More than just a bookcase, it is an expression of architectural elegance and versatility. As a focal point within the living space, Poliform\u2019s systems for the day area enchant the eye and transform storage into art that unites function with refined style.<\/p><p class=\"p1\">The\u00a0Wall System\u00a0is just one among a range of bespoke alternatives to the traditional bookcase.<\/p>\t\t\t\t\t\t\t\t<\/div>\n\t\t\t\t<\/div>\n\t\t<div class=\"elementor-element elementor-element-49f03081 e-con-full e-flex e-con e-child\" data-id=\"49f03081\" data-element_type=\"container\">\n\t\t<div class=\"elementor-element elementor-element-5e03dd15 e-con-full e-flex e-con e-child\" data-id=\"5e03dd15\" data-element_type=\"container\">\n\t\t<div class=\"elementor-element elementor-element-370b654a e-con-full e-flex e-con e-child\" data-id=\"370b654a\" data-element_type=\"container\">\n\t\t\t\t<div class=\"elementor-element elementor-element-41129627 elementor-widget elementor-widget-spacer\" data-id=\"41129627\" data-element_type=\"widget\" data-widget_type=\"spacer.default\">\n\t\t\t\t\t\t\t<div class=\"elementor-spacer\">\n\t\t\t<div class=\"elementor-spacer-inner\"><\/div>\n\t\t<\/div>\n\t\t\t\t\t\t<\/div>\n\t\t\t\t<div class=\"elementor-element elementor-element-15ba0c99 elementor-widget elementor-widget-text-editor\" data-id=\"15ba0c99\" data-element_type=\"widget\" data-widget_type=\"text-editor.default\">\n\t\t\t\t\t\t\t\t\t<p><a class=\"read-more-link\" href=\"https:\/\/studiogude.dk\/eng\/aktuelt-oversigt\/\">SEE ALL ARTICLES<\/a><\/p>\t\t\t\t\t\t\t\t<\/div>\n\t\t\t\t<div class=\"elementor-element elementor-element-4fe1785 elementor-widget elementor-widget-spacer\" data-id=\"4fe1785\" data-element_type=\"widget\" data-widget_type=\"spacer.default\">\n\t\t\t\t\t\t\t<div class=\"elementor-spacer\">\n\t\t\t<div class=\"elementor-spacer-inner\"><\/div>\n\t\t<\/div>\n\t\t\t\t\t\t<\/div>\n\t\t\t\t<div class=\"elementor-element elementor-element-1aab6e74 elementor-widget elementor-widget-text-editor\" data-id=\"1aab6e74\" data-element_type=\"widget\" data-widget_type=\"text-editor.default\">\n\t\t\t\t\t\t\t\t\t<p><strong>FOLLOW US\u00a0<\/strong><\/p><p><a href=\"https:\/\/www.instagram.com\/studio_gude\/\" target=\"_blank\" rel=\"noopener\">INSTAGRAM<\/a><br \/><a href=\"https:\/\/www.facebook.com\/profile.php?id=61552611795400\" target=\"_blank\" rel=\"noopener\">FACEBOOK<\/a><br \/><a href=\"https:\/\/dk.pinterest.com\/studiogude\/?invite_code=a9e786cd4425456dbe64037ce4cb97df&amp;sender=1141240499232129527\" target=\"_blank\" rel=\"noopener\">PINTEREST<\/a><\/p>\t\t\t\t\t\t\t\t<\/div>\n\t\t\t\t<\/div>\n\t\t\t\t<\/div>\n\t\t\t\t<\/div>\n\t\t\t\t<\/div>\n\t\t\t\t\t<\/div>\n\t\t\t\t<\/div>\n\t\t<div class=\"elementor-element elementor-element-38c35cf0 e-grid e-con-boxed e-con e-parent\" data-id=\"38c35cf0\" data-element_type=\"container\">\n\t\t\t\t\t<div class=\"e-con-inner\">\n\t\t<div class=\"elementor-element elementor-element-76251064 e-con-full e-flex e-con e-child\" data-id=\"76251064\" data-element_type=\"container\">\n\t\t\t\t<div class=\"elementor-element elementor-element-864a653 elementor-widget elementor-widget-spacer\" data-id=\"864a653\" data-element_type=\"widget\" data-widget_type=\"spacer.default\">\n\t\t\t\t\t\t\t<div class=\"elementor-spacer\">\n\t\t\t<div class=\"elementor-spacer-inner\"><\/div>\n\t\t<\/div>\n\t\t\t\t\t\t<\/div>\n\t\t\t\t<\/div>\n\t\t\t\t<div class=\"elementor-element elementor-element-23c201bf elementor-widget elementor-widget-spacer\" data-id=\"23c201bf\" data-element_type=\"widget\" data-widget_type=\"spacer.default\">\n\t\t\t\t\t\t\t<div class=\"elementor-spacer\">\n\t\t\t<div class=\"elementor-spacer-inner\"><\/div>\n\t\t<\/div>\n\t\t\t\t\t\t<\/div>\n\t\t\t\t<div class=\"elementor-element elementor-element-1dae11db elementor-widget elementor-widget-image\" data-id=\"1dae11db\" data-element_type=\"widget\" data-widget_type=\"image.default\">\n\t\t\t\t\t\t\t\t\t\t\t\t\t\t\t<img decoding=\"async\" width=\"800\" height=\"949\" src=\"https:\/\/studiogude.dk\/wp-content\/uploads\/2025\/09\/05_Studio-Gude_Poliform_Copenhagen_Bolig_Dedikeret-til-orden.jpg\" class=\"attachment-large size-large wp-image-2324\" alt=\"\" srcset=\"https:\/\/studiogude.dk\/wp-content\/uploads\/2025\/09\/05_Studio-Gude_Poliform_Copenhagen_Bolig_Dedikeret-til-orden.jpg 834w, https:\/\/studiogude.dk\/wp-content\/uploads\/2025\/09\/05_Studio-Gude_Poliform_Copenhagen_Bolig_Dedikeret-til-orden-253x300.jpg 253w, https:\/\/studiogude.dk\/wp-content\/uploads\/2025\/09\/05_Studio-Gude_Poliform_Copenhagen_Bolig_Dedikeret-til-orden-768x911.jpg 768w\" sizes=\"(max-width: 800px) 100vw, 800px\" \/>\t\t\t\t\t\t\t\t\t\t\t\t\t\t\t<\/div>\n\t\t\t\t\t<\/div>\n\t\t\t\t<\/div>\n\t\t<div class=\"elementor-element elementor-element-7b1c23e e-flex e-con-boxed e-con e-parent\" data-id=\"7b1c23e\" data-element_type=\"container\">\n\t\t\t\t\t<div class=\"e-con-inner\">\n\t\t<div class=\"elementor-element elementor-element-cc7a3e7 e-con-full e-flex e-con e-child\" data-id=\"cc7a3e7\" data-element_type=\"container\">\n\t\t<div class=\"elementor-element elementor-element-9a12965 e-con-full e-flex e-con e-child\" data-id=\"9a12965\" data-element_type=\"container\">\n\t\t\t\t<div class=\"elementor-element elementor-element-febdad5 elementor-widget elementor-widget-spacer\" data-id=\"febdad5\" data-element_type=\"widget\" data-widget_type=\"spacer.default\">\n\t\t\t\t\t\t\t<div class=\"elementor-spacer\">\n\t\t\t<div class=\"elementor-spacer-inner\"><\/div>\n\t\t<\/div>\n\t\t\t\t\t\t<\/div>\n\t\t\t\t<div class=\"elementor-element elementor-element-79fa9a3 elementor-widget elementor-widget-image\" data-id=\"79fa9a3\" data-element_type=\"widget\" data-widget_type=\"image.default\">\n\t\t\t\t\t\t\t\t\t\t\t\t\t\t\t<img decoding=\"async\" width=\"800\" height=\"949\" src=\"https:\/\/studiogude.dk\/wp-content\/uploads\/2025\/09\/04_Studio-Gude_Poliform_Copenhagen_Bolig_Dedikeret-til-orden.jpg\" class=\"attachment-large size-large wp-image-2323\" alt=\"\" srcset=\"https:\/\/studiogude.dk\/wp-content\/uploads\/2025\/09\/04_Studio-Gude_Poliform_Copenhagen_Bolig_Dedikeret-til-orden.jpg 834w, https:\/\/studiogude.dk\/wp-content\/uploads\/2025\/09\/04_Studio-Gude_Poliform_Copenhagen_Bolig_Dedikeret-til-orden-253x300.jpg 253w, https:\/\/studiogude.dk\/wp-content\/uploads\/2025\/09\/04_Studio-Gude_Poliform_Copenhagen_Bolig_Dedikeret-til-orden-768x911.jpg 768w\" sizes=\"(max-width: 800px) 100vw, 800px\" \/>\t\t\t\t\t\t\t\t\t\t\t\t\t\t\t<\/div>\n\t\t\t\t<\/div>\n\t\t\t\t<\/div>\n\t\t\t\t\t<\/div>\n\t\t\t\t<\/div>\n\t\t<div class=\"elementor-element elementor-element-66422214 e-flex e-con-boxed e-con e-parent\" data-id=\"66422214\" data-element_type=\"container\">\n\t\t\t\t\t<div class=\"e-con-inner\">\n\t\t<div class=\"elementor-element elementor-element-5e583f6a e-con-full e-flex e-con e-child\" data-id=\"5e583f6a\" data-element_type=\"container\">\n\t\t<div class=\"elementor-element elementor-element-33738e07 e-con-full e-flex e-con e-child\" data-id=\"33738e07\" data-element_type=\"container\">\n\t\t\t\t<div class=\"elementor-element elementor-element-5702a547 elementor-widget elementor-widget-spacer\" data-id=\"5702a547\" data-element_type=\"widget\" data-widget_type=\"spacer.default\">\n\t\t\t\t\t\t\t<div class=\"elementor-spacer\">\n\t\t\t<div class=\"elementor-spacer-inner\"><\/div>\n\t\t<\/div>\n\t\t\t\t\t\t<\/div>\n\t\t\t\t<div class=\"elementor-element elementor-element-2efd01f8 elementor-widget elementor-widget-image\" data-id=\"2efd01f8\" data-element_type=\"widget\" data-widget_type=\"image.default\">\n\t\t\t\t\t\t\t\t\t\t\t\t\t\t\t<img loading=\"lazy\" decoding=\"async\" width=\"800\" height=\"450\" src=\"https:\/\/studiogude.dk\/wp-content\/uploads\/2025\/09\/02_Studio-Gude_Poliform_Copenhagen_Bolig_Dedikeret-til-orden-1024x576.jpg\" class=\"attachment-large size-large wp-image-2321\" alt=\"\" srcset=\"https:\/\/studiogude.dk\/wp-content\/uploads\/2025\/09\/02_Studio-Gude_Poliform_Copenhagen_Bolig_Dedikeret-til-orden-1024x576.jpg 1024w, https:\/\/studiogude.dk\/wp-content\/uploads\/2025\/09\/02_Studio-Gude_Poliform_Copenhagen_Bolig_Dedikeret-til-orden-300x169.jpg 300w, https:\/\/studiogude.dk\/wp-content\/uploads\/2025\/09\/02_Studio-Gude_Poliform_Copenhagen_Bolig_Dedikeret-til-orden-768x432.jpg 768w, https:\/\/studiogude.dk\/wp-content\/uploads\/2025\/09\/02_Studio-Gude_Poliform_Copenhagen_Bolig_Dedikeret-til-orden-1536x864.jpg 1536w, https:\/\/studiogude.dk\/wp-content\/uploads\/2025\/09\/02_Studio-Gude_Poliform_Copenhagen_Bolig_Dedikeret-til-orden.jpg 1600w\" sizes=\"(max-width: 800px) 100vw, 800px\" \/>\t\t\t\t\t\t\t\t\t\t\t\t\t\t\t<\/div>\n\t\t\t\t<\/div>\n\t\t\t\t<\/div>\n\t\t\t\t\t<\/div>\n\t\t\t\t<\/div>\n\t\t<div class=\"elementor-element elementor-element-41a7a1c1 e-flex e-con-boxed e-con e-parent\" data-id=\"41a7a1c1\" data-element_type=\"container\">\n\t\t\t\t\t<div class=\"e-con-inner\">\n\t\t<div class=\"elementor-element elementor-element-6ac0d34d e-con-full e-flex e-con e-child\" data-id=\"6ac0d34d\" data-element_type=\"container\">\n\t\t<div class=\"elementor-element elementor-element-15071221 e-con-full e-flex e-con e-child\" data-id=\"15071221\" data-element_type=\"container\">\n\t\t\t\t<div class=\"elementor-element elementor-element-6ab21663 elementor-widget elementor-widget-spacer\" data-id=\"6ab21663\" data-element_type=\"widget\" data-widget_type=\"spacer.default\">\n\t\t\t\t\t\t\t<div class=\"elementor-spacer\">\n\t\t\t<div class=\"elementor-spacer-inner\"><\/div>\n\t\t<\/div>\n\t\t\t\t\t\t<\/div>\n\t\t\t\t<div class=\"elementor-element elementor-element-bf1f52d elementor-widget elementor-widget-image\" data-id=\"bf1f52d\" data-element_type=\"widget\" data-widget_type=\"image.default\">\n\t\t\t\t\t\t\t\t\t\t\t\t\t\t\t<img loading=\"lazy\" decoding=\"async\" width=\"800\" height=\"800\" src=\"https:\/\/studiogude.dk\/wp-content\/uploads\/2025\/09\/01_Studio-Gude_Poliform_Copenhagen_Bolig_Dedikeret-til-orden.jpg\" class=\"attachment-large size-large wp-image-2320\" alt=\"\" srcset=\"https:\/\/studiogude.dk\/wp-content\/uploads\/2025\/09\/01_Studio-Gude_Poliform_Copenhagen_Bolig_Dedikeret-til-orden.jpg 960w, https:\/\/studiogude.dk\/wp-content\/uploads\/2025\/09\/01_Studio-Gude_Poliform_Copenhagen_Bolig_Dedikeret-til-orden-300x300.jpg 300w, https:\/\/studiogude.dk\/wp-content\/uploads\/2025\/09\/01_Studio-Gude_Poliform_Copenhagen_Bolig_Dedikeret-til-orden-150x150.jpg 150w, https:\/\/studiogude.dk\/wp-content\/uploads\/2025\/09\/01_Studio-Gude_Poliform_Copenhagen_Bolig_Dedikeret-til-orden-768x768.jpg 768w\" sizes=\"(max-width: 800px) 100vw, 800px\" \/>\t\t\t\t\t\t\t\t\t\t\t\t\t\t\t<\/div>\n\t\t\t\t<\/div>\n\t\t\t\t<\/div>\n\t\t\t\t\t<\/div>\n\t\t\t\t<\/div>\n\t\t<div class=\"elementor-element elementor-element-0dfc5a0 e-flex e-con-boxed e-con e-parent\" data-id=\"0dfc5a0\" data-element_type=\"container\">\n\t\t\t\t\t<div class=\"e-con-inner\">\n\t\t<div class=\"elementor-element elementor-element-b7a63ae e-con-full e-flex e-con e-child\" data-id=\"b7a63ae\" data-element_type=\"container\">\n\t\t<div class=\"elementor-element elementor-element-591607c e-con-full e-flex e-con e-child\" data-id=\"591607c\" data-element_type=\"container\">\n\t\t\t\t<div class=\"elementor-element elementor-element-90d14ef elementor-widget elementor-widget-spacer\" data-id=\"90d14ef\" data-element_type=\"widget\" data-widget_type=\"spacer.default\">\n\t\t\t\t\t\t\t<div class=\"elementor-spacer\">\n\t\t\t<div class=\"elementor-spacer-inner\"><\/div>\n\t\t<\/div>\n\t\t\t\t\t\t<\/div>\n\t\t\t\t<div class=\"elementor-element elementor-element-38e785e elementor-widget elementor-widget-image\" data-id=\"38e785e\" data-element_type=\"widget\" data-widget_type=\"image.default\">\n\t\t\t\t\t\t\t\t\t\t\t\t\t\t\t<img loading=\"lazy\" decoding=\"async\" width=\"800\" height=\"949\" src=\"https:\/\/studiogude.dk\/wp-content\/uploads\/2025\/09\/03_Studio-Gude_Poliform_Copenhagen_Bolig_Dedikeret-til-orden.jpg\" class=\"attachment-large size-large wp-image-2322\" alt=\"\" srcset=\"https:\/\/studiogude.dk\/wp-content\/uploads\/2025\/09\/03_Studio-Gude_Poliform_Copenhagen_Bolig_Dedikeret-til-orden.jpg 834w, https:\/\/studiogude.dk\/wp-content\/uploads\/2025\/09\/03_Studio-Gude_Poliform_Copenhagen_Bolig_Dedikeret-til-orden-253x300.jpg 253w, https:\/\/studiogude.dk\/wp-content\/uploads\/2025\/09\/03_Studio-Gude_Poliform_Copenhagen_Bolig_Dedikeret-til-orden-768x911.jpg 768w\" sizes=\"(max-width: 800px) 100vw, 800px\" \/>\t\t\t\t\t\t\t\t\t\t\t\t\t\t\t<\/div>\n\t\t\t\t<\/div>\n\t\t\t\t<\/div>\n\t\t\t\t\t<\/div>\n\t\t\t\t<\/div>\n\t\t<div class=\"elementor-element elementor-element-6e983563 e-flex e-con-boxed e-con e-parent\" data-id=\"6e983563\" data-element_type=\"container\">\n\t\t\t\t\t<div class=\"e-con-inner\">\n\t\t\t\t<div class=\"elementor-element elementor-element-254f6c4a elementor-widget elementor-widget-spacer\" data-id=\"254f6c4a\" data-element_type=\"widget\" data-widget_type=\"spacer.default\">\n\t\t\t\t\t\t\t<div class=\"elementor-spacer\">\n\t\t\t<div class=\"elementor-spacer-inner\"><\/div>\n\t\t<\/div>\n\t\t\t\t\t\t<\/div>\n\t\t<div class=\"elementor-element elementor-element-58967e1d e-con-full e-flex e-con e-child\" data-id=\"58967e1d\" data-element_type=\"container\">\n\t\t<div class=\"elementor-element elementor-element-446bf747 e-con-full e-flex e-con e-child\" data-id=\"446bf747\" data-element_type=\"container\">\n\t\t\t\t<div class=\"elementor-element elementor-element-5a256d90 elementor-widget elementor-widget-text-editor\" data-id=\"5a256d90\" data-element_type=\"widget\" data-widget_type=\"text-editor.default\">\n\t\t\t\t\t\t\t\t\t<p><a class=\"read-more-link\" href=\"https:\/\/studiogude.dk\/eng\/aktuelt-oversigt\/\">SEE ALL ARTICLES<\/a><\/p>\t\t\t\t\t\t\t\t<\/div>\n\t\t\t\t<\/div>\n\t\t\t\t<\/div>\n\t\t\t\t\t<\/div>\n\t\t\t\t<\/div>\n\t\t\t\t<\/div>","protected":false},"excerpt":{"rendered":"<p>ARTIKEL 15.09.2025 DEDIKERET TIL ORDEN Ikke bare en bogreol, men et udtryk for arkitektonisk elegance og alsidighed. Som omdrejningspunkt i stuen, fortryller reoll\u00f8sningerne fra Poliform og forvandler opbevaring til en kunstform der rummer b\u00e5de funktion og raffineret stil. Wall System er blot \u00e9n i r\u00e6kken af de skr\u00e6ddersyede alternativer til de traditionelle bogreoler. SE ALLE [&hellip;]<\/p>","protected":false},"author":1,"featured_media":0,"parent":0,"menu_order":0,"comment_status":"closed","ping_status":"closed","template":"elementor_header_footer","meta":{"_oct_exclude_from_cache":false,"footnotes":""},"class_list":["post-1846","page","type-page","status-publish","hentry"],"_links":{"self":[{"href":"https:\/\/studiogude.dk\/eng\/wp-json\/wp\/v2\/pages\/1846","targetHints":{"allow":["GET"]}}],"collection":[{"href":"https:\/\/studiogude.dk\/eng\/wp-json\/wp\/v2\/pages"}],"about":[{"href":"https:\/\/studiogude.dk\/eng\/wp-json\/wp\/v2\/types\/page"}],"author":[{"embeddable":true,"href":"https:\/\/studiogude.dk\/eng\/wp-json\/wp\/v2\/users\/1"}],"replies":[{"embeddable":true,"href":"https:\/\/studiogude.dk\/eng\/wp-json\/wp\/v2\/comments?post=1846"}],"version-history":[{"count":25,"href":"https:\/\/studiogude.dk\/eng\/wp-json\/wp\/v2\/pages\/1846\/revisions"}],"predecessor-version":[{"id":2878,"href":"https:\/\/studiogude.dk\/eng\/wp-json\/wp\/v2\/pages\/1846\/revisions\/2878"}],"wp:attachment":[{"href":"https:\/\/studiogude.dk\/eng\/wp-json\/wp\/v2\/media?parent=1846"}],"curies":[{"name":"wp","href":"https:\/\/api.w.org\/{rel}","templated":true}]}}